{"id":12,"date":"2026-03-12T16:17:57","date_gmt":"2026-03-12T16:17:57","guid":{"rendered":"https:\/\/6sinn.ch\/?page_id=12"},"modified":"2026-03-19T16:10:08","modified_gmt":"2026-03-19T15:10:08","slug":"ueber-mi","status":"publish","type":"page","link":"https:\/\/6sinn.ch\/?page_id=12","title":{"rendered":"\u00fcber mi"},"content":{"rendered":"\n<p><\/p>\n\n\n\n<p>Scho fr\u00fceh hani gmerkt, wie fescht mir Ber\u00fcehrig u Pres\u00e4nz am H\u00e4rz lig\u00e4.<br>Ig ha \u00fcber acht Jahr Erfahrig i dr K\u00f6rperarbeit \u2013 u mitem 6. Sinn ha ig e Ruum gschaffe, wo Klarheit, Resp\u00e4kt u Achtsamkeit im Zentrum steit.<\/p>\n\n\n\n<p>Mir isch wichtig, dass M\u00f6nsche sich sicher f\u00fcehle.<br>Ohni Druck.<br>Ohni M\u00fceh.<br>Ohni \u00f6ppis m\u00fcesse z spiele.<\/p>\n\n\n\n<p>Ig arbeite ruhig, pres\u00e4nt und mit klare Gr\u00e4nze.<br>Was ig mache, machi bewusst.<\/p>\n\n\n\n<p>F\u00fcr mi isch K\u00f6rperarbeit nid e Technik.<br>Es isch e Beg\u00e4gnig.<\/p>\n\n\n\n<figure class=\"wp-block-gallery has-nested-images columns-default is-cropped wp-block-gallery-1 is-layout-flex wp-block-gallery-is-layout-flex\">\n<figure class=\"wp-block-image size-large\"><img loading=\"lazy\" decoding=\"async\" width=\"682\" height=\"1024\" data-id=\"109\" src=\"https:\/\/6sinn.ch\/wp-content\/uploads\/2026\/03\/me0001-682x1024.jpg\" alt=\"\" class=\"wp-image-109\" srcset=\"https:\/\/6sinn.ch\/wp-content\/uploads\/2026\/03\/me0001-682x1024.jpg 682w, https:\/\/6sinn.ch\/wp-content\/uploads\/2026\/03\/me0001-200x300.jpg 200w, https:\/\/6sinn.ch\/wp-content\/uploads\/2026\/03\/me0001-768x1153.jpg 768w, https:\/\/6sinn.ch\/wp-content\/uploads\/2026\/03\/me0001-1023x1536.jpg 1023w, https:\/\/6sinn.ch\/wp-content\/uploads\/2026\/03\/me0001.jpg 1066w\" sizes=\"auto, (max-width: 682px) 100vw, 682px\" \/><\/figure>\n\n\n\n<figure class=\"wp-block-image size-large\"><img loading=\"lazy\" decoding=\"async\" width=\"682\" height=\"1024\" data-id=\"110\" src=\"https:\/\/6sinn.ch\/wp-content\/uploads\/2026\/03\/me0003-1-682x1024.jpg\" alt=\"\" class=\"wp-image-110\" srcset=\"https:\/\/6sinn.ch\/wp-content\/uploads\/2026\/03\/me0003-1-682x1024.jpg 682w, https:\/\/6sinn.ch\/wp-content\/uploads\/2026\/03\/me0003-1-200x300.jpg 200w, https:\/\/6sinn.ch\/wp-content\/uploads\/2026\/03\/me0003-1-768x1153.jpg 768w, https:\/\/6sinn.ch\/wp-content\/uploads\/2026\/03\/me0003-1-1023x1536.jpg 1023w, https:\/\/6sinn.ch\/wp-content\/uploads\/2026\/03\/me0003-1.jpg 1066w\" sizes=\"auto, (max-width: 682px) 100vw, 682px\" \/><\/figure>\n\n\n\n<figure class=\"wp-block-image size-large\"><img loading=\"lazy\" decoding=\"async\" width=\"682\" height=\"1024\" data-id=\"108\" src=\"https:\/\/6sinn.ch\/wp-content\/uploads\/2026\/03\/me0002-682x1024.jpg\" alt=\"\" class=\"wp-image-108\" srcset=\"https:\/\/6sinn.ch\/wp-content\/uploads\/2026\/03\/me0002-682x1024.jpg 682w, https:\/\/6sinn.ch\/wp-content\/uploads\/2026\/03\/me0002-200x300.jpg 200w, https:\/\/6sinn.ch\/wp-content\/uploads\/2026\/03\/me0002-768x1153.jpg 768w, https:\/\/6sinn.ch\/wp-content\/uploads\/2026\/03\/me0002-1023x1536.jpg 1023w, https:\/\/6sinn.ch\/wp-content\/uploads\/2026\/03\/me0002.jpg 1066w\" sizes=\"auto, (max-width: 682px) 100vw, 682px\" \/><\/figure>\n<\/figure>\n\n\n\n<div class=\"wp-block-buttons is-layout-flex wp-block-buttons-is-layout-flex\">\n<div class=\"wp-block-button\"><a class=\"wp-block-button__link wp-element-button\" href=\"#popmake-82\">Kontaktier mi<\/a><\/div>\n<\/div>\n\n\n\n<p><\/p>\n","protected":false},"excerpt":{"rendered":"<p>Scho fr\u00fceh hani gmerkt, wie fescht mir Ber\u00fcehrig u Pres\u00e4nz am H\u00e4rz lig\u00e4.Ig ha \u00fcber acht Jahr Erfahrig i dr K\u00f6rperarbeit \u2013 u mitem 6. Sinn ha ig e Ruum gschaffe, wo Klarheit, Resp\u00e4kt u Achtsamkeit im Zentrum steit. Mir isch wichtig, dass M\u00f6nsche sich sicher f\u00fcehle.Ohni Druck.Ohni M\u00fceh.Ohni \u00f6ppis m\u00fcesse z spiele. Ig arbeite [&hellip;]<\/p>\n","protected":false},"author":1,"featured_media":0,"parent":0,"menu_order":0,"comment_status":"closed","ping_status":"closed","template":"","meta":{"footnotes":""},"class_list":["post-12","page","type-page","status-publish","hentry"],"_links":{"self":[{"href":"https:\/\/6sinn.ch\/index.php?rest_route=\/wp\/v2\/pages\/12","targetHints":{"allow":["GET"]}}],"collection":[{"href":"https:\/\/6sinn.ch\/index.php?rest_route=\/wp\/v2\/pages"}],"about":[{"href":"https:\/\/6sinn.ch\/index.php?rest_route=\/wp\/v2\/types\/page"}],"author":[{"embeddable":true,"href":"https:\/\/6sinn.ch\/index.php?rest_route=\/wp\/v2\/users\/1"}],"replies":[{"embeddable":true,"href":"https:\/\/6sinn.ch\/index.php?rest_route=%2Fwp%2Fv2%2Fcomments&post=12"}],"version-history":[{"count":3,"href":"https:\/\/6sinn.ch\/index.php?rest_route=\/wp\/v2\/pages\/12\/revisions"}],"predecessor-version":[{"id":112,"href":"https:\/\/6sinn.ch\/index.php?rest_route=\/wp\/v2\/pages\/12\/revisions\/112"}],"wp:attachment":[{"href":"https:\/\/6sinn.ch\/index.php?rest_route=%2Fwp%2Fv2%2Fmedia&parent=12"}],"curies":[{"name":"wp","href":"https:\/\/api.w.org\/{rel}","templated":true}]}}