{"id":2,"date":"2026-03-12T13:51:24","date_gmt":"2026-03-12T13:51:24","guid":{"rendered":"https:\/\/6sinn.ch\/?page_id=2"},"modified":"2026-03-12T16:19:10","modified_gmt":"2026-03-12T16:19:10","slug":"sample-page","status":"publish","type":"page","link":"https:\/\/6sinn.ch\/?page_id=2","title":{"rendered":"Werum \u201eDer 6. Sinn\u201c?"},"content":{"rendered":"\n<p><\/p>\n\n\n\n<p>N\u00e4be \u00fcsne f\u00fcf Sinne gits e fiini inneri Wahrn\u00e4hmig.<br>Dr 6. Sinn steit f\u00fcr das bewussti Sp\u00fcre\u2013 jensits vo D\u00e4nke und Leischtig.<\/p>\n\n\n\n<p>Mini Arbeit richtet sich a M\u00f6nsch\u00e4, wo achtsami und reschp\u00e4ktvoui K\u00f6rperarbeit bewusst wei erfahre.<\/p>\n\n\n\n<p>Termine w\u00e4rde individuell veriibart.<\/p>\n","protected":false},"excerpt":{"rendered":"<p>N\u00e4be \u00fcsne f\u00fcf Sinne gits e fiini inneri Wahrn\u00e4hmig.Dr 6. Sinn steit f\u00fcr das bewussti Sp\u00fcre\u2013 jensits vo D\u00e4nke und Leischtig. Mini Arbeit richtet sich a M\u00f6nsch\u00e4, wo achtsami und reschp\u00e4ktvoui K\u00f6rperarbeit bewusst wei erfahre. Termine w\u00e4rde individuell veriibart.<\/p>\n","protected":false},"author":1,"featured_media":0,"parent":0,"menu_order":0,"comment_status":"closed","ping_status":"open","template":"","meta":{"footnotes":""},"class_list":["post-2","page","type-page","status-publish","hentry"],"_links":{"self":[{"href":"https:\/\/6sinn.ch\/index.php?rest_route=\/wp\/v2\/pages\/2","targetHints":{"allow":["GET"]}}],"collection":[{"href":"https:\/\/6sinn.ch\/index.php?rest_route=\/wp\/v2\/pages"}],"about":[{"href":"https:\/\/6sinn.ch\/index.php?rest_route=\/wp\/v2\/types\/page"}],"author":[{"embeddable":true,"href":"https:\/\/6sinn.ch\/index.php?rest_route=\/wp\/v2\/users\/1"}],"replies":[{"embeddable":true,"href":"https:\/\/6sinn.ch\/index.php?rest_route=%2Fwp%2Fv2%2Fcomments&post=2"}],"version-history":[{"count":2,"href":"https:\/\/6sinn.ch\/index.php?rest_route=\/wp\/v2\/pages\/2\/revisions"}],"predecessor-version":[{"id":15,"href":"https:\/\/6sinn.ch\/index.php?rest_route=\/wp\/v2\/pages\/2\/revisions\/15"}],"wp:attachment":[{"href":"https:\/\/6sinn.ch\/index.php?rest_route=%2Fwp%2Fv2%2Fmedia&parent=2"}],"curies":[{"name":"wp","href":"https:\/\/api.w.org\/{rel}","templated":true}]}}