{"id":7,"date":"2026-03-12T16:15:52","date_gmt":"2026-03-12T16:15:52","guid":{"rendered":"https:\/\/6sinn.ch\/?page_id=7"},"modified":"2026-03-12T16:15:53","modified_gmt":"2026-03-12T16:15:53","slug":"du-muesch-dir-nuet-verdiene","status":"publish","type":"page","link":"https:\/\/6sinn.ch\/?page_id=7","title":{"rendered":"Du muesch dir n\u00fct\u00a0verdiene"},"content":{"rendered":"\n<p>I mim Ruum geits nid um Leischtig.<br>Nid um Erwartig\u00e4.<br>Nid drum, \u00f6ppis z bewiise.<\/p>\n\n\n\n<p>Du muesch dir d Entspannig nid verdiene.<br>Du muesch nid funktioniere.<br>Du muesch nid stark si.<\/p>\n\n\n\n<p>Du bisch w\u00e4rtvou, wiu du l\u00e4bsch.<br>Das l\u00e4ngt.<\/p>\n","protected":false},"excerpt":{"rendered":"<p>I mim Ruum geits nid um Leischtig.Nid um Erwartig\u00e4.Nid drum, \u00f6ppis z bewiise. Du muesch dir d Entspannig nid verdiene.Du muesch nid funktioniere.Du muesch nid stark si. Du bisch w\u00e4rtvou, wiu du l\u00e4bsch.Das l\u00e4ngt.<\/p>\n","protected":false},"author":1,"featured_media":0,"parent":0,"menu_order":0,"comment_status":"closed","ping_status":"closed","template":"","meta":{"footnotes":""},"class_list":["post-7","page","type-page","status-publish","hentry"],"_links":{"self":[{"href":"https:\/\/6sinn.ch\/index.php?rest_route=\/wp\/v2\/pages\/7","targetHints":{"allow":["GET"]}}],"collection":[{"href":"https:\/\/6sinn.ch\/index.php?rest_route=\/wp\/v2\/pages"}],"about":[{"href":"https:\/\/6sinn.ch\/index.php?rest_route=\/wp\/v2\/types\/page"}],"author":[{"embeddable":true,"href":"https:\/\/6sinn.ch\/index.php?rest_route=\/wp\/v2\/users\/1"}],"replies":[{"embeddable":true,"href":"https:\/\/6sinn.ch\/index.php?rest_route=%2Fwp%2Fv2%2Fcomments&post=7"}],"version-history":[{"count":1,"href":"https:\/\/6sinn.ch\/index.php?rest_route=\/wp\/v2\/pages\/7\/revisions"}],"predecessor-version":[{"id":9,"href":"https:\/\/6sinn.ch\/index.php?rest_route=\/wp\/v2\/pages\/7\/revisions\/9"}],"wp:attachment":[{"href":"https:\/\/6sinn.ch\/index.php?rest_route=%2Fwp%2Fv2%2Fmedia&parent=7"}],"curies":[{"name":"wp","href":"https:\/\/api.w.org\/{rel}","templated":true}]}}